{"id":81895,"date":"2025-10-23T19:53:32","date_gmt":"2025-10-24T02:53:32","guid":{"rendered":"https:\/\/gvmled.com\/?post_type=product&#038;p=81895"},"modified":"2025-12-09T01:35:21","modified_gmt":"2025-12-09T08:35:21","slug":"5mm-honeycomb-grid-and-4-leaf-barndoor","status":"publish","type":"product","link":"https:\/\/gvmled.com\/de\/product\/5mm-honeycomb-grid-and-4-leaf-barndoor\/","title":{"rendered":"5 mm Wabenraster und 4-Fl\u00fcgelt\u00fcr f\u00fcr Taschenlampe (PD60B\/PD60C\/ PL60B\/PL60C)"},"content":{"rendered":"","protected":false},"excerpt":{"rendered":"","protected":false},"featured_media":68203,"comment_status":"open","ping_status":"closed","template":"","meta":[],"product_brand":[],"product_cat":[298],"product_tag":[],"class_list":{"0":"post-81895","1":"product","2":"type-product","3":"status-publish","4":"has-post-thumbnail","6":"product_cat-pocketlights-accessories","8":"first","9":"instock","10":"taxable","11":"shipping-taxable","12":"product-type-simple"},"_links":{"self":[{"href":"https:\/\/gvmled.com\/de\/wp-json\/wp\/v2\/product\/81895","targetHints":{"allow":["GET"]}}],"collection":[{"href":"https:\/\/gvmled.com\/de\/wp-json\/wp\/v2\/product"}],"about":[{"href":"https:\/\/gvmled.com\/de\/wp-json\/wp\/v2\/types\/product"}],"replies":[{"embeddable":true,"href":"https:\/\/gvmled.com\/de\/wp-json\/wp\/v2\/comments?post=81895"}],"version-history":[{"count":3,"href":"https:\/\/gvmled.com\/de\/wp-json\/wp\/v2\/product\/81895\/revisions"}],"predecessor-version":[{"id":83147,"href":"https:\/\/gvmled.com\/de\/wp-json\/wp\/v2\/product\/81895\/revisions\/83147"}],"wp:featuredmedia":[{"embeddable":true,"href":"https:\/\/gvmled.com\/de\/wp-json\/wp\/v2\/media\/68203"}],"wp:attachment":[{"href":"https:\/\/gvmled.com\/de\/wp-json\/wp\/v2\/media?parent=81895"}],"wp:term":[{"taxonomy":"product_brand","embeddable":true,"href":"https:\/\/gvmled.com\/de\/wp-json\/wp\/v2\/product_brand?post=81895"},{"taxonomy":"product_cat","embeddable":true,"href":"https:\/\/gvmled.com\/de\/wp-json\/wp\/v2\/product_cat?post=81895"},{"taxonomy":"product_tag","embeddable":true,"href":"https:\/\/gvmled.com\/de\/wp-json\/wp\/v2\/product_tag?post=81895"}],"curies":[{"name":"WP","href":"https:\/\/api.w.org\/{rel}","templated":true}]}}