{"id":80888,"date":"2025-10-15T23:43:54","date_gmt":"2025-10-16T06:43:54","guid":{"rendered":"https:\/\/gvmled.com\/?post_type=product&#038;p=80888"},"modified":"2025-10-15T23:44:18","modified_gmt":"2025-10-16T06:44:18","slug":"flathead-4-pin-quick-connector-for-fh400b","status":"publish","type":"product","link":"https:\/\/gvmled.com\/fr\/product\/flathead-4-pin-quick-connector-for-fh400b\/","title":{"rendered":"Connecteur rapide \u00e0 t\u00eate plate \u00e0 4 broches pour FH400B"},"content":{"rendered":"","protected":false},"excerpt":{"rendered":"","protected":false},"featured_media":80892,"comment_status":"open","ping_status":"closed","template":"","meta":[],"product_brand":[],"product_cat":[293],"product_tag":[],"class_list":{"0":"post-80888","1":"product","2":"type-product","3":"status-publish","4":"has-post-thumbnail","6":"product_cat-flathead-accessories","8":"first","9":"instock","10":"taxable","11":"shipping-taxable","12":"product-type-simple"},"_links":{"self":[{"href":"https:\/\/gvmled.com\/fr\/wp-json\/wp\/v2\/product\/80888","targetHints":{"allow":["GET"]}}],"collection":[{"href":"https:\/\/gvmled.com\/fr\/wp-json\/wp\/v2\/product"}],"about":[{"href":"https:\/\/gvmled.com\/fr\/wp-json\/wp\/v2\/types\/product"}],"replies":[{"embeddable":true,"href":"https:\/\/gvmled.com\/fr\/wp-json\/wp\/v2\/comments?post=80888"}],"version-history":[{"count":2,"href":"https:\/\/gvmled.com\/fr\/wp-json\/wp\/v2\/product\/80888\/revisions"}],"predecessor-version":[{"id":80890,"href":"https:\/\/gvmled.com\/fr\/wp-json\/wp\/v2\/product\/80888\/revisions\/80890"}],"wp:featuredmedia":[{"embeddable":true,"href":"https:\/\/gvmled.com\/fr\/wp-json\/wp\/v2\/media\/80892"}],"wp:attachment":[{"href":"https:\/\/gvmled.com\/fr\/wp-json\/wp\/v2\/media?parent=80888"}],"wp:term":[{"taxonomy":"product_brand","embeddable":true,"href":"https:\/\/gvmled.com\/fr\/wp-json\/wp\/v2\/product_brand?post=80888"},{"taxonomy":"product_cat","embeddable":true,"href":"https:\/\/gvmled.com\/fr\/wp-json\/wp\/v2\/product_cat?post=80888"},{"taxonomy":"product_tag","embeddable":true,"href":"https:\/\/gvmled.com\/fr\/wp-json\/wp\/v2\/product_tag?post=80888"}],"curies":[{"name":"wp","href":"https:\/\/api.w.org\/{rel}","templated":true}]}}