{"id":82060,"date":"2025-10-24T20:41:49","date_gmt":"2025-10-25T03:41:49","guid":{"rendered":"https:\/\/gvmled.com\/?post_type=product&#038;p=82060"},"modified":"2025-12-09T02:04:43","modified_gmt":"2025-12-09T09:04:43","slug":"gvm-softbox-for-1000d680rs880rs-led-panel","status":"publish","type":"product","link":"https:\/\/gvmled.com\/fr\/product\/gvm-softbox-for-1000d680rs880rs-led-panel\/","title":{"rendered":"Bo\u00eete \u00e0 lumi\u00e8re Gvm pour panneau Led 1000D,680RS,880RS"},"content":{"rendered":"","protected":false},"excerpt":{"rendered":"","protected":false},"featured_media":64060,"comment_status":"open","ping_status":"closed","template":"","meta":[],"product_brand":[],"product_cat":[296],"product_tag":[],"class_list":{"0":"post-82060","1":"product","2":"type-product","3":"status-publish","4":"has-post-thumbnail","6":"product_cat-panellights-accessories","8":"first","9":"instock","10":"taxable","11":"shipping-taxable","12":"product-type-simple"},"_links":{"self":[{"href":"https:\/\/gvmled.com\/fr\/wp-json\/wp\/v2\/product\/82060","targetHints":{"allow":["GET"]}}],"collection":[{"href":"https:\/\/gvmled.com\/fr\/wp-json\/wp\/v2\/product"}],"about":[{"href":"https:\/\/gvmled.com\/fr\/wp-json\/wp\/v2\/types\/product"}],"replies":[{"embeddable":true,"href":"https:\/\/gvmled.com\/fr\/wp-json\/wp\/v2\/comments?post=82060"}],"version-history":[{"count":1,"href":"https:\/\/gvmled.com\/fr\/wp-json\/wp\/v2\/product\/82060\/revisions"}],"predecessor-version":[{"id":82068,"href":"https:\/\/gvmled.com\/fr\/wp-json\/wp\/v2\/product\/82060\/revisions\/82068"}],"wp:featuredmedia":[{"embeddable":true,"href":"https:\/\/gvmled.com\/fr\/wp-json\/wp\/v2\/media\/64060"}],"wp:attachment":[{"href":"https:\/\/gvmled.com\/fr\/wp-json\/wp\/v2\/media?parent=82060"}],"wp:term":[{"taxonomy":"product_brand","embeddable":true,"href":"https:\/\/gvmled.com\/fr\/wp-json\/wp\/v2\/product_brand?post=82060"},{"taxonomy":"product_cat","embeddable":true,"href":"https:\/\/gvmled.com\/fr\/wp-json\/wp\/v2\/product_cat?post=82060"},{"taxonomy":"product_tag","embeddable":true,"href":"https:\/\/gvmled.com\/fr\/wp-json\/wp\/v2\/product_tag?post=82060"}],"curies":[{"name":"wp","href":"https:\/\/api.w.org\/{rel}","templated":true}]}}