{"id":85018,"date":"2025-11-25T23:16:52","date_gmt":"2025-11-26T06:16:52","guid":{"rendered":"https:\/\/gvmled.com\/?post_type=product&#038;p=85018"},"modified":"2025-11-28T00:53:47","modified_gmt":"2025-11-28T07:53:47","slug":"gvm-yg120rg","status":"publish","type":"product","link":"https:\/\/gvmled.com\/fr\/product\/gvm-yg120rg\/","title":{"rendered":"Bo\u00eete \u00e0 lumi\u00e8re portable et \u00e0 d\u00e9gagement rapide GVM (48\u201d)"},"content":{"rendered":"","protected":false},"excerpt":{"rendered":"","protected":false},"featured_media":85019,"comment_status":"open","ping_status":"closed","template":"","meta":[],"product_brand":[],"product_cat":[302],"product_tag":[],"class_list":{"0":"post-85018","1":"product","2":"type-product","3":"status-publish","4":"has-post-thumbnail","6":"product_cat-reign-accessories","8":"first","9":"instock","10":"taxable","11":"shipping-taxable","12":"product-type-simple"},"_links":{"self":[{"href":"https:\/\/gvmled.com\/fr\/wp-json\/wp\/v2\/product\/85018","targetHints":{"allow":["GET"]}}],"collection":[{"href":"https:\/\/gvmled.com\/fr\/wp-json\/wp\/v2\/product"}],"about":[{"href":"https:\/\/gvmled.com\/fr\/wp-json\/wp\/v2\/types\/product"}],"replies":[{"embeddable":true,"href":"https:\/\/gvmled.com\/fr\/wp-json\/wp\/v2\/comments?post=85018"}],"version-history":[{"count":3,"href":"https:\/\/gvmled.com\/fr\/wp-json\/wp\/v2\/product\/85018\/revisions"}],"predecessor-version":[{"id":85333,"href":"https:\/\/gvmled.com\/fr\/wp-json\/wp\/v2\/product\/85018\/revisions\/85333"}],"wp:featuredmedia":[{"embeddable":true,"href":"https:\/\/gvmled.com\/fr\/wp-json\/wp\/v2\/media\/85019"}],"wp:attachment":[{"href":"https:\/\/gvmled.com\/fr\/wp-json\/wp\/v2\/media?parent=85018"}],"wp:term":[{"taxonomy":"product_brand","embeddable":true,"href":"https:\/\/gvmled.com\/fr\/wp-json\/wp\/v2\/product_brand?post=85018"},{"taxonomy":"product_cat","embeddable":true,"href":"https:\/\/gvmled.com\/fr\/wp-json\/wp\/v2\/product_cat?post=85018"},{"taxonomy":"product_tag","embeddable":true,"href":"https:\/\/gvmled.com\/fr\/wp-json\/wp\/v2\/product_tag?post=85018"}],"curies":[{"name":"wp","href":"https:\/\/api.w.org\/{rel}","templated":true}]}}